{"id":11459,"date":"2025-10-14T09:52:32","date_gmt":"2025-10-14T09:52:32","guid":{"rendered":"https:\/\/barrunbe.eus\/aviso-legal\/"},"modified":"2025-10-27T10:43:04","modified_gmt":"2025-10-27T10:43:04","slug":"aviso-legal","status":"publish","type":"page","link":"https:\/\/barrunbe.eus\/es\/aviso-legal\/","title":{"rendered":"Aviso legal"},"content":{"rendered":"\t\t<div data-elementor-type=\"wp-page\" data-elementor-id=\"11459\" class=\"elementor elementor-11459 elementor-10973\">\n\t\t\t\t<div class=\"elementor-element elementor-element-add6634 wrapper-wide section-normal e-flex e-con-boxed default e-con e-parent\" data-id=\"add6634\" data-element_type=\"container\">\n\t\t\t\t\t<div class=\"e-con-inner\">\n\t\t\t\t<div class=\"elementor-element elementor-element-e57d194 elementor-widget elementor-widget-text-editor\" data-id=\"e57d194\" data-element_type=\"widget\" data-widget_type=\"text-editor.default\">\n\t\t\t\t\t\t\t\t\t<h2 data-start=\"231\" data-end=\"274\"><strong data-start=\"234\" data-end=\"274\">Aviso legal y condiciones de uso<\/strong><\/h2><h3 data-start=\"38\" data-end=\"53\"><strong data-start=\"38\" data-end=\"53\">Aviso legal<\/strong><\/h3><p data-start=\"55\" data-end=\"356\">De conformidad con la normativa vigente, se informa de que el dominio <a class=\"decorated-link\" href=\"https:\/\/barrunbe.eus\/\" target=\"_new\" rel=\"noopener\" data-start=\"125\" data-end=\"146\">https:\/\/barrunbe.eus\/<\/a> pertenece a I\u00f1igo Aranbarri Larra\u00f1aga (en adelante, \u201cBarrunbe\u201d o \u201cel Responsable del tratamiento\u201d), con domicilio social en Navarra y los siguientes datos de contacto:<br data-start=\"314\" data-end=\"317\" \/>\ud83d\udce7 <a class=\"decorated-link cursor-pointer\" rel=\"noopener\" data-start=\"320\" data-end=\"337\">info@barrunbe.eus<\/a><br data-start=\"337\" data-end=\"340\" \/>\ud83d\udcde 636 181 208<\/p><p data-start=\"358\" data-end=\"506\">Este sitio web \u2014barrunbe.eus\u2014 es propiedad de Barrunbe, y la persona que accede a \u00e9l adquiere la condici\u00f3n de usuario (en adelante, \u201cel usuario\u201d).<\/p><p data-start=\"508\" data-end=\"874\">Barrunbe es responsable del tratamiento de los datos personales gestionados a trav\u00e9s del sitio web (usuarios, solicitudes de informaci\u00f3n, etc.). No obstante, si Barrunbe publica enlaces a otros sitios web o redes sociales, su funci\u00f3n ser\u00e1 meramente informativa, y los tratamientos de datos que se produzcan a trav\u00e9s de dichos enlaces no ser\u00e1n responsabilidad suya.<\/p><hr data-start=\"876\" data-end=\"879\" \/><h3 data-start=\"881\" data-end=\"900\"><strong data-start=\"885\" data-end=\"900\">Finalidades<\/strong><\/h3><p data-start=\"902\" data-end=\"948\">Los principales objetivos del sitio web son:<\/p><ul data-start=\"949\" data-end=\"1119\"><li data-start=\"949\" data-end=\"1001\"><p data-start=\"951\" data-end=\"1001\">Dar a conocer y promover la actividad del autor.<\/p><\/li><li data-start=\"1002\" data-end=\"1069\"><p data-start=\"1004\" data-end=\"1069\">Ofrecer una herramienta de contacto y solicitud de informaci\u00f3n.<\/p><\/li><li data-start=\"1070\" data-end=\"1119\"><p data-start=\"1072\" data-end=\"1119\">Difundir y gestionar iniciativas y proyectos.<\/p><\/li><\/ul><hr data-start=\"1121\" data-end=\"1124\" \/><h3 data-start=\"1126\" data-end=\"1162\"><strong data-start=\"1130\" data-end=\"1162\">Condiciones generales de uso<\/strong><\/h3><p data-start=\"1164\" data-end=\"1362\">El acceso a este sitio web es voluntario y gratuito. La navegaci\u00f3n en \u00e9l implica que el usuario acepta este aviso legal, las condiciones de uso, la pol\u00edtica de privacidad y la pol\u00edtica de cookies.<\/p><p data-start=\"1364\" data-end=\"1688\">El usuario se compromete a utilizar el sitio web de forma responsable, de buena fe y respetando la legislaci\u00f3n vigente. No podr\u00e1 da\u00f1ar, alterar o hacer un uso inadecuado de los contenidos o sistemas.<br data-start=\"1563\" data-end=\"1566\" \/>Asimismo, queda prohibido el uso de datos personales de terceros sin su consentimiento o la suplantaci\u00f3n de identidades.<\/p><hr data-start=\"1690\" data-end=\"1693\" \/><h3 data-start=\"1695\" data-end=\"1743\"><strong data-start=\"1699\" data-end=\"1743\">Exclusi\u00f3n de garant\u00edas y responsabilidad<\/strong><\/h3><p data-start=\"1745\" data-end=\"1976\">Barrunbe realiza esfuerzos para mantener los contenidos del sitio web correctos y actualizados, pero no garantiza la exactitud o actualizaci\u00f3n de la informaci\u00f3n y no ser\u00e1 responsable de los da\u00f1os derivados de errores u omisiones.<\/p><p data-start=\"1978\" data-end=\"2146\">El sitio puede incluir enlaces a p\u00e1ginas externas cuyo contenido no es responsabilidad de Barrunbe. El usuario accede a dichos enlaces bajo su propia responsabilidad.<\/p><p data-start=\"2148\" data-end=\"2364\">Barrunbe no asumir\u00e1 responsabilidad alguna por da\u00f1os o consecuencias inform\u00e1ticas (virus, malware, etc.) y se reserva el derecho a modificar o eliminar los contenidos o la estructura del sitio web sin previo aviso.<\/p><hr data-start=\"2366\" data-end=\"2369\" \/><h3 data-start=\"2371\" data-end=\"2413\"><strong data-start=\"2375\" data-end=\"2413\">Propiedad intelectual e industrial<\/strong><\/h3><p data-start=\"2415\" data-end=\"2582\">Todos los contenidos del sitio web \u2014textos, im\u00e1genes, dise\u00f1o, logotipos, v\u00eddeos, sonidos, c\u00f3digo, etc.\u2014 son propiedad de Barrunbe, salvo que se indique lo contrario.<\/p><p data-start=\"2584\" data-end=\"2736\">Est\u00e1 prohibida la copia, distribuci\u00f3n, comercializaci\u00f3n o comunicaci\u00f3n p\u00fablica de los contenidos sin la autorizaci\u00f3n previa y por escrito de Barrunbe.<\/p><p data-start=\"2738\" data-end=\"2844\">El usuario se compromete a no vulnerar los derechos de propiedad intelectual o industrial del sitio web.<\/p><hr data-start=\"2846\" data-end=\"2849\" \/><h3 data-start=\"2851\" data-end=\"2884\"><strong data-start=\"2855\" data-end=\"2884\">Duraci\u00f3n y modificaciones<\/strong><\/h3><p data-start=\"2886\" data-end=\"3165\">Barrunbe se reserva el derecho de modificar las presentes condiciones en funci\u00f3n de necesidades de adaptaci\u00f3n o mejora. Las modificaciones ser\u00e1n efectivas desde el momento de su publicaci\u00f3n en el sitio web.<br data-start=\"3092\" data-end=\"3095\" \/>Se recomienda a los usuarios revisar peri\u00f3dicamente las condiciones.<\/p><hr data-start=\"3167\" data-end=\"3170\" \/><h3 data-start=\"3172\" data-end=\"3216\"><strong data-start=\"3176\" data-end=\"3216\">Jurisdicci\u00f3n y legislaci\u00f3n aplicable<\/strong><\/h3><p data-start=\"3218\" data-end=\"3426\">La relaci\u00f3n entre Barrunbe y el usuario se regir\u00e1 por la legislaci\u00f3n espa\u00f1ola.<br data-start=\"3296\" data-end=\"3299\" \/>Ambas partes se someten expresamente, renunciando a cualquier otro fuero, a los Juzgados y Tribunales de Donostia (Gipuzkoa).<\/p><hr data-start=\"3428\" data-end=\"3431\" \/><h3 data-start=\"3433\" data-end=\"3464\"><strong data-start=\"3437\" data-end=\"3464\">Informaci\u00f3n de contacto<\/strong><\/h3><p data-start=\"3466\" data-end=\"3571\" data-is-last-node=\"\" data-is-only-node=\"\">Para cualquier duda o solicitud, puede ponerse en contacto con:<br data-start=\"3529\" data-end=\"3532\" \/>\ud83d\udce7 <a class=\"decorated-link cursor-pointer\" rel=\"noopener\" data-start=\"3535\" data-end=\"3552\">info@barrunbe.eus<\/a><br data-start=\"3552\" data-end=\"3555\" \/>\ud83d\udcde 636 181 208<\/p>\t\t\t\t\t\t\t\t<\/div>\n\t\t\t\t\t<\/div>\n\t\t\t\t<\/div>\n\t\t\t\t<\/div>\n\t\t","protected":false},"excerpt":{"rendered":"<p>Aviso legal y condiciones de uso Aviso legal De conformidad con la normativa vigente, se informa de que el dominio https:\/\/barrunbe.eus\/ pertenece a I\u00f1igo Aranbarri Larra\u00f1aga (en adelante, \u201cBarrunbe\u201d o [&hellip;]<\/p>\n","protected":false},"author":1,"featured_media":0,"parent":0,"menu_order":0,"comment_status":"closed","ping_status":"closed","template":"","meta":{"_acf_changed":false,"footnotes":""},"class_list":["post-11459","page","type-page","status-publish","hentry"],"acf":[],"yoast_head":"<!-- This site is optimized with the Yoast SEO plugin v26.1.1 - https:\/\/yoast.com\/wordpress\/plugins\/seo\/ -->\n<title>Barrunbe. Bye bye Gizontxo<\/title>\n<meta name=\"description\" content=\"Antzerki eta jolasaren bidez, maskulinitatearen inguruan ikasitako patroiak nola desegin, bakoitzak bere jarrera nola aldatu pentsaraziko dizun saioa.\" \/>\n<meta name=\"robots\" content=\"index, follow, max-snippet:-1, max-image-preview:large, max-video-preview:-1\" \/>\n<link rel=\"canonical\" href=\"https:\/\/barrunbe.eus\/es\/aviso-legal\/\" \/>\n<meta property=\"og:locale\" content=\"es_ES\" \/>\n<meta property=\"og:type\" content=\"article\" \/>\n<meta property=\"og:title\" content=\"Barrunbe. Bye bye Gizontxo\" \/>\n<meta property=\"og:description\" content=\"Antzerki eta jolasaren bidez, maskulinitatearen inguruan ikasitako patroiak nola desegin, bakoitzak bere jarrera nola aldatu pentsaraziko dizun saioa.\" \/>\n<meta property=\"og:url\" content=\"https:\/\/barrunbe.eus\/es\/aviso-legal\/\" \/>\n<meta property=\"og:site_name\" content=\"BARRUNBE\" \/>\n<meta property=\"article:modified_time\" content=\"2025-10-27T10:43:04+00:00\" \/>\n<meta property=\"og:image\" content=\"https:\/\/barrunbe.eus\/wp-content\/uploads\/2025\/10\/logotipo_beltza.png\" \/>\n\t<meta property=\"og:image:width\" content=\"2216\" \/>\n\t<meta property=\"og:image:height\" content=\"733\" \/>\n\t<meta property=\"og:image:type\" content=\"image\/png\" \/>\n<meta name=\"twitter:card\" content=\"summary_large_image\" \/>\n<meta name=\"twitter:label1\" content=\"Tiempo de lectura\" \/>\n\t<meta name=\"twitter:data1\" content=\"4 minutos\" \/>\n<script type=\"application\/ld+json\" class=\"yoast-schema-graph\">{\"@context\":\"https:\/\/schema.org\",\"@graph\":[{\"@type\":\"WebPage\",\"@id\":\"https:\/\/barrunbe.eus\/es\/aviso-legal\/\",\"url\":\"https:\/\/barrunbe.eus\/es\/aviso-legal\/\",\"name\":\"Barrunbe. Bye bye Gizontxo\",\"isPartOf\":{\"@id\":\"https:\/\/barrunbe.eus\/es\/#website\"},\"datePublished\":\"2025-10-14T09:52:32+00:00\",\"dateModified\":\"2025-10-27T10:43:04+00:00\",\"description\":\"Antzerki eta jolasaren bidez, maskulinitatearen inguruan ikasitako patroiak nola desegin, bakoitzak bere jarrera nola aldatu pentsaraziko dizun saioa.\",\"breadcrumb\":{\"@id\":\"https:\/\/barrunbe.eus\/es\/aviso-legal\/#breadcrumb\"},\"inLanguage\":\"es\",\"potentialAction\":[{\"@type\":\"ReadAction\",\"target\":[\"https:\/\/barrunbe.eus\/es\/aviso-legal\/\"]}]},{\"@type\":\"BreadcrumbList\",\"@id\":\"https:\/\/barrunbe.eus\/es\/aviso-legal\/#breadcrumb\",\"itemListElement\":[{\"@type\":\"ListItem\",\"position\":1,\"name\":\"Portada\",\"item\":\"https:\/\/barrunbe.eus\/es\/\"},{\"@type\":\"ListItem\",\"position\":2,\"name\":\"Aviso legal\"}]},{\"@type\":\"WebSite\",\"@id\":\"https:\/\/barrunbe.eus\/es\/#website\",\"url\":\"https:\/\/barrunbe.eus\/es\/\",\"name\":\"BARRUNBE\",\"description\":\"Bye bye gizontxo\",\"alternateName\":\"Bye bye Gizontxo\",\"potentialAction\":[{\"@type\":\"SearchAction\",\"target\":{\"@type\":\"EntryPoint\",\"urlTemplate\":\"https:\/\/barrunbe.eus\/es\/?s={search_term_string}\"},\"query-input\":{\"@type\":\"PropertyValueSpecification\",\"valueRequired\":true,\"valueName\":\"search_term_string\"}}],\"inLanguage\":\"es\"}]}<\/script>\n<!-- \/ Yoast SEO plugin. -->","yoast_head_json":{"title":"Barrunbe. Bye bye Gizontxo","description":"Antzerki eta jolasaren bidez, maskulinitatearen inguruan ikasitako patroiak nola desegin, bakoitzak bere jarrera nola aldatu pentsaraziko dizun saioa.","robots":{"index":"index","follow":"follow","max-snippet":"max-snippet:-1","max-image-preview":"max-image-preview:large","max-video-preview":"max-video-preview:-1"},"canonical":"https:\/\/barrunbe.eus\/es\/aviso-legal\/","og_locale":"es_ES","og_type":"article","og_title":"Barrunbe. Bye bye Gizontxo","og_description":"Antzerki eta jolasaren bidez, maskulinitatearen inguruan ikasitako patroiak nola desegin, bakoitzak bere jarrera nola aldatu pentsaraziko dizun saioa.","og_url":"https:\/\/barrunbe.eus\/es\/aviso-legal\/","og_site_name":"BARRUNBE","article_modified_time":"2025-10-27T10:43:04+00:00","og_image":[{"width":2216,"height":733,"url":"https:\/\/barrunbe.eus\/wp-content\/uploads\/2025\/10\/logotipo_beltza.png","type":"image\/png"}],"twitter_card":"summary_large_image","twitter_misc":{"Tiempo de lectura":"4 minutos"},"schema":{"@context":"https:\/\/schema.org","@graph":[{"@type":"WebPage","@id":"https:\/\/barrunbe.eus\/es\/aviso-legal\/","url":"https:\/\/barrunbe.eus\/es\/aviso-legal\/","name":"Barrunbe. Bye bye Gizontxo","isPartOf":{"@id":"https:\/\/barrunbe.eus\/es\/#website"},"datePublished":"2025-10-14T09:52:32+00:00","dateModified":"2025-10-27T10:43:04+00:00","description":"Antzerki eta jolasaren bidez, maskulinitatearen inguruan ikasitako patroiak nola desegin, bakoitzak bere jarrera nola aldatu pentsaraziko dizun saioa.","breadcrumb":{"@id":"https:\/\/barrunbe.eus\/es\/aviso-legal\/#breadcrumb"},"inLanguage":"es","potentialAction":[{"@type":"ReadAction","target":["https:\/\/barrunbe.eus\/es\/aviso-legal\/"]}]},{"@type":"BreadcrumbList","@id":"https:\/\/barrunbe.eus\/es\/aviso-legal\/#breadcrumb","itemListElement":[{"@type":"ListItem","position":1,"name":"Portada","item":"https:\/\/barrunbe.eus\/es\/"},{"@type":"ListItem","position":2,"name":"Aviso legal"}]},{"@type":"WebSite","@id":"https:\/\/barrunbe.eus\/es\/#website","url":"https:\/\/barrunbe.eus\/es\/","name":"BARRUNBE","description":"Bye bye gizontxo","alternateName":"Bye bye Gizontxo","potentialAction":[{"@type":"SearchAction","target":{"@type":"EntryPoint","urlTemplate":"https:\/\/barrunbe.eus\/es\/?s={search_term_string}"},"query-input":{"@type":"PropertyValueSpecification","valueRequired":true,"valueName":"search_term_string"}}],"inLanguage":"es"}]}},"_links":{"self":[{"href":"https:\/\/barrunbe.eus\/es\/wp-json\/wp\/v2\/pages\/11459","targetHints":{"allow":["GET"]}}],"collection":[{"href":"https:\/\/barrunbe.eus\/es\/wp-json\/wp\/v2\/pages"}],"about":[{"href":"https:\/\/barrunbe.eus\/es\/wp-json\/wp\/v2\/types\/page"}],"author":[{"embeddable":true,"href":"https:\/\/barrunbe.eus\/es\/wp-json\/wp\/v2\/users\/1"}],"replies":[{"embeddable":true,"href":"https:\/\/barrunbe.eus\/es\/wp-json\/wp\/v2\/comments?post=11459"}],"version-history":[{"count":10,"href":"https:\/\/barrunbe.eus\/es\/wp-json\/wp\/v2\/pages\/11459\/revisions"}],"predecessor-version":[{"id":11485,"href":"https:\/\/barrunbe.eus\/es\/wp-json\/wp\/v2\/pages\/11459\/revisions\/11485"}],"wp:attachment":[{"href":"https:\/\/barrunbe.eus\/es\/wp-json\/wp\/v2\/media?parent=11459"}],"curies":[{"name":"wp","href":"https:\/\/api.w.org\/{rel}","templated":true}]}}