{"id":11495,"date":"2025-10-06T09:23:07","date_gmt":"2025-10-06T09:23:07","guid":{"rendered":"https:\/\/barrunbe.eus\/nor-naiz\/"},"modified":"2025-11-14T08:59:40","modified_gmt":"2025-11-14T08:59:40","slug":"quien-soy","status":"publish","type":"page","link":"https:\/\/barrunbe.eus\/es\/quien-soy\/","title":{"rendered":"\u00bfQui\u00e9n soy?"},"content":{"rendered":"\t\t<div data-elementor-type=\"wp-page\" data-elementor-id=\"11495\" class=\"elementor elementor-11495 elementor-10361\">\n\t\t\t\t\t\t<section class=\"elementor-section elementor-top-section elementor-element elementor-element-b344f85 wrapper-wide section-normal elementor-section-boxed elementor-section-height-default elementor-section-height-default default\" data-id=\"b344f85\" data-element_type=\"section\">\n\t\t\t\t\t\t<div class=\"elementor-container elementor-column-gap-default\">\n\t\t\t\t\t<div class=\"elementor-column elementor-col-100 elementor-top-column elementor-element elementor-element-d5a3a62\" data-id=\"d5a3a62\" data-element_type=\"column\">\n\t\t\t<div class=\"elementor-widget-wrap elementor-element-populated\">\n\t\t\t\t\t\t<section class=\"elementor-section elementor-inner-section elementor-element elementor-element-bec5ebb wrapper-fuller elementor-section-full_width section-normal elementor-section-height-default elementor-section-height-default default\" data-id=\"bec5ebb\" data-element_type=\"section\">\n\t\t\t\t\t\t<div class=\"elementor-container elementor-column-gap-default\">\n\t\t\t\t\t<div class=\"elementor-column elementor-col-100 elementor-inner-column elementor-element elementor-element-00bbead\" data-id=\"00bbead\" data-element_type=\"column\">\n\t\t\t<div class=\"elementor-widget-wrap elementor-element-populated\">\n\t\t\t\t\t\t<div class=\"elementor-element elementor-element-61c8bf5 elementor-widget elementor-widget-naylaanimatedheading\" data-id=\"61c8bf5\" data-element_type=\"widget\" data-widget_type=\"naylaanimatedheading.default\">\n\t\t\t\t<div class=\"elementor-widget-container\">\n\t\t\t\t\t\n<div class=\"text-wrapper \" data-dynamic-words=\"\" data-duration=\"1.5\">\n\n\n    <h1 class=\"align-left\">\n        \n        Me llamo I\u00f1igo Aranbarri<\/h1>\n\n\n<\/div>\n\n\n\t\t\t\t<\/div>\n\t\t\t\t<\/div>\n\t\t\t\t\t<\/div>\n\t\t<\/div>\n\t\t\t\t\t<\/div>\n\t\t<\/section>\n\t\t\t\t<div class=\"elementor-element elementor-element-59449ca elementor-widget elementor-widget-naylaheading\" data-id=\"59449ca\" data-element_type=\"widget\" data-widget_type=\"naylaheading.default\">\n\t\t\t\t<div class=\"elementor-widget-container\">\n\t\t\t\t\t\n<div class=\"text-wrapper\">\n\n\n    <h2  class=\"left    false\" data-stagger=\"0.1\" data-duration=\"1.5\"data-delay=\"0\"data-scrub=\"false\" data-pin=\"false\">\n        \n                \n        Aunque he aprendido ser este modelo de hombre, <\/br>ahora estoy intentando elegir c\u00f3mo ser cada d\u00eda<\/h2>\n\n\n<\/div>\n\n\n\t\t\t\t<\/div>\n\t\t\t\t<\/div>\n\t\t\t\t<section class=\"elementor-section elementor-inner-section elementor-element elementor-element-9c51379 wrapper-wide section-normal elementor-section-boxed elementor-section-height-default elementor-section-height-default default\" data-id=\"9c51379\" data-element_type=\"section\">\n\t\t\t\t\t\t<div class=\"elementor-container elementor-column-gap-default\">\n\t\t\t\t\t<div class=\"elementor-column elementor-col-50 elementor-inner-column elementor-element elementor-element-27217bc\" data-id=\"27217bc\" data-element_type=\"column\">\n\t\t\t<div class=\"elementor-widget-wrap elementor-element-populated\">\n\t\t\t\t\t\t<div class=\"elementor-element elementor-element-581955c elementor-widget elementor-widget-naylatextwrapper\" data-id=\"581955c\" data-element_type=\"widget\" data-widget_type=\"naylatextwrapper.default\">\n\t\t\t\t<div class=\"elementor-widget-container\">\n\t\t\t\t\t\n\n\n        <div class=\"text-wrapper  \">\n\n            \n                <p class=\"text-h4    false\" data-stagger=\"0.1\" data-duration=\"1.5\"data-delay=\"0\"data-scrub=\"false\" data-pin=\"false\">\n                    \u00bfCOLABORAMOS?                <\/p>\n                \n            \n\n\n\n        <\/div>\n\n\n        \t\t\t\t<\/div>\n\t\t\t\t<\/div>\n\t\t\t\t\t<\/div>\n\t\t<\/div>\n\t\t\t\t<div class=\"elementor-column elementor-col-50 elementor-inner-column elementor-element elementor-element-cb302f6\" data-id=\"cb302f6\" data-element_type=\"column\">\n\t\t\t<div class=\"elementor-widget-wrap elementor-element-populated\">\n\t\t\t\t\t\t<div class=\"elementor-element elementor-element-91e84e0 elementor-widget__width-initial elementor-widget elementor-widget-naylatextwrapper\" data-id=\"91e84e0\" data-element_type=\"widget\" data-widget_type=\"naylatextwrapper.default\">\n\t\t\t\t<div class=\"elementor-widget-container\">\n\t\t\t\t\t\n\n\n        <div class=\"text-wrapper  \">\n\n            \n                <p class=\"text-h6    false\" data-stagger=\"0.1\" data-duration=\"1.5\"data-delay=\"0\"data-scrub=\"false\" data-pin=\"false\">\n                    Desde hace 12 a\u00f1os estoy colaborando con el <b>departamento de igualdad <\/b>de varios municipios navarros (Ultzama, Basaburua, Leitzaldea, Eg\u00fc\u00e9s, Ansoain, Bara\u00f1ain, Berriozar, Orkoien, etc.) en el proyecto \"Cuidados y g\u00e9nero a trav\u00e9s del teatro\".                <\/p>\n                \n            \n\n\n\n        <\/div>\n\n\n        \t\t\t\t<\/div>\n\t\t\t\t<\/div>\n\t\t\t\t\t<\/div>\n\t\t<\/div>\n\t\t\t\t\t<\/div>\n\t\t<\/section>\n\t\t\t\t\t<\/div>\n\t\t<\/div>\n\t\t\t\t\t<\/div>\n\t\t<\/section>\n\t\t\t\t<section class=\"elementor-section elementor-top-section elementor-element elementor-element-a79e7db wrapper-wide section-normal elementor-section-boxed elementor-section-height-default elementor-section-height-default default\" data-id=\"a79e7db\" data-element_type=\"section\">\n\t\t\t\t\t\t<div class=\"elementor-container elementor-column-gap-default\">\n\t\t\t\t\t<div class=\"elementor-column elementor-col-100 elementor-top-column elementor-element elementor-element-bffde8c\" data-id=\"bffde8c\" data-element_type=\"column\">\n\t\t\t<div class=\"elementor-widget-wrap elementor-element-populated\">\n\t\t\t\t\t\t<section class=\"elementor-section elementor-inner-section elementor-element elementor-element-56425e9 wrapper-wide section-normal elementor-section-boxed elementor-section-height-default elementor-section-height-default default\" data-id=\"56425e9\" data-element_type=\"section\">\n\t\t\t\t\t\t<div class=\"elementor-container elementor-column-gap-default\">\n\t\t\t\t\t<div class=\"elementor-column elementor-col-50 elementor-inner-column elementor-element elementor-element-80338ad\" data-id=\"80338ad\" data-element_type=\"column\">\n\t\t\t<div class=\"elementor-widget-wrap elementor-element-populated\">\n\t\t\t\t\t\t<div class=\"elementor-element elementor-element-b5b4459 elementor-widget__width-initial elementor-widget elementor-widget-naylatextwrapper\" data-id=\"b5b4459\" data-element_type=\"widget\" data-widget_type=\"naylatextwrapper.default\">\n\t\t\t\t<div class=\"elementor-widget-container\">\n\t\t\t\t\t\n\n\n        <div class=\"text-wrapper  \">\n\n            \n                <p class=\"text-text-p    false\" data-stagger=\"0.1\" data-duration=\"1.5\"data-delay=\"0\"data-scrub=\"false\" data-pin=\"false\">\n                    <B>MIS ESTUDIOS:<\/B>:<\/BR><\/BR>\nCon mis estudios de<b> Antropolog\u00eda Social y Cultural<\/b> en la UPV\/EHU me met\u00ed de lleno en temas de g\u00e9nero y complet\u00e9 mi formaci\u00f3n teatral en la Devising theatre & Performance LISPA de Berl\u00edn (London International <b>School of Performing Arts<\/b>, actual Berl\u00edn Harthaus).                <\/p>\n                \n            \n\n\n\n        <\/div>\n\n\n        \t\t\t\t<\/div>\n\t\t\t\t<\/div>\n\t\t\t\t\t<\/div>\n\t\t<\/div>\n\t\t\t\t<div class=\"elementor-column elementor-col-50 elementor-inner-column elementor-element elementor-element-e325db5\" data-id=\"e325db5\" data-element_type=\"column\">\n\t\t\t<div class=\"elementor-widget-wrap elementor-element-populated\">\n\t\t\t\t\t\t<div class=\"elementor-element elementor-element-53c3280 elementor-widget elementor-widget-naylasingleimage\" data-id=\"53c3280\" data-element_type=\"widget\" data-widget_type=\"naylasingleimage.default\">\n\t\t\t\t<div class=\"elementor-widget-container\">\n\t\t\t\t\t\n\n<div class=\"single-image align-left    cursor-default  \" data-duration=0.5 data-delay=\"0\" data-scrub=\"false\" data-pin=\"false\" data-block-color=\"\" data-anim-out=\"\" data-image-scale=\"false\" >\n\n\n    <img decoding=\"async\" src=\"https:\/\/barrunbe.eus\/wp-content\/uploads\/2025\/10\/inigo_aktorea.jpg\">\n    \n    \n\n<\/div>\n            \n            \n\n\n\t\t\t\t<\/div>\n\t\t\t\t<\/div>\n\t\t\t\t\t<\/div>\n\t\t<\/div>\n\t\t\t\t\t<\/div>\n\t\t<\/section>\n\t\t\t\t\t<\/div>\n\t\t<\/div>\n\t\t\t\t\t<\/div>\n\t\t<\/section>\n\t\t\t\t<section class=\"elementor-section elementor-top-section elementor-element elementor-element-1bf40c3 wrapper-wide section-normal elementor-section-boxed elementor-section-height-default elementor-section-height-default default\" data-id=\"1bf40c3\" data-element_type=\"section\">\n\t\t\t\t\t\t<div class=\"elementor-container elementor-column-gap-default\">\n\t\t\t\t\t<div class=\"elementor-column elementor-col-100 elementor-top-column elementor-element elementor-element-149bd1c\" data-id=\"149bd1c\" data-element_type=\"column\">\n\t\t\t<div class=\"elementor-widget-wrap elementor-element-populated\">\n\t\t\t\t\t\t<section class=\"elementor-section elementor-inner-section elementor-element elementor-element-54b6e5b wrapper-wide section-normal elementor-section-boxed elementor-section-height-default elementor-section-height-default default\" data-id=\"54b6e5b\" data-element_type=\"section\">\n\t\t\t\t\t\t<div class=\"elementor-container elementor-column-gap-default\">\n\t\t\t\t\t<div class=\"elementor-column elementor-col-100 elementor-inner-column elementor-element elementor-element-517fdda\" data-id=\"517fdda\" data-element_type=\"column\">\n\t\t\t<div class=\"elementor-widget-wrap elementor-element-populated\">\n\t\t\t\t\t\t<div class=\"elementor-element elementor-element-6d5eedb elementor-widget__width-initial elementor-widget-mobile__width-initial elementor-widget elementor-widget-naylaheading\" data-id=\"6d5eedb\" data-element_type=\"widget\" data-widget_type=\"naylaheading.default\">\n\t\t\t\t<div class=\"elementor-widget-container\">\n\t\t\t\t\t\n<div class=\"text-wrapper\">\n\n\n    <h2  class=\"left    false\" data-stagger=\"0.1\" data-duration=\"1.5\"data-delay=\"0\"data-scrub=\"false\" data-pin=\"false\">\n        \n                \n        EXPERIENCIA EN TRABAJOS SIMILARES<\/h2>\n\n\n<\/div>\n\n\n\t\t\t\t<\/div>\n\t\t\t\t<\/div>\n\t\t\t\t<div class=\"elementor-element elementor-element-7f30961 elementor-widget elementor-widget-naylaawards\" data-id=\"7f30961\" data-element_type=\"widget\" data-widget_type=\"naylaawards.default\">\n\t\t\t\t<div class=\"elementor-widget-container\">\n\t\t\t\t\t\n\n\n\n        <div class=\"nayla-awards\">\n\n            <div class=\"nayla-awards-head detect-pov\">\n                \n                        <div class=\"nah-col\">PROYECTOS<\/div>\n                        <div class=\"nah-col\">QU\u00c9<\/div>\n                        <div class=\"nah-col\">A\u00d1OS<\/div>\n            \n                    <\/div>\n            <div class=\"nayla-awards-list-wrap\">\n\n                <ul class=\"nayla-awards-list  cursor-default\" >\n\n                    <li> <a target=_blank  href=''> <span data-stagger=\"0.09\" data-duration=\"1.5\"data-delay=\"0\"data-scrub=\"false\" data-pin=\"false\" class='awards-col has-anim-text linesUp '>TEATRO\/EDUCACI\u00d3N<\/span><span data-stagger=\"0.09\" data-duration=\"1.5\"data-delay=\"0\"data-scrub=\"false\" data-pin=\"false\" class='awards-col has-anim-text linesUp '>Desarrolla y ejecuta el programa de <B>Coeducaci\u00f3n por medio del conocimiento<\/B>. En Bara\u00f1\u00e1in, Berriozar, Anso\u00e1in, Eg\u00fc\u00e9s, Ultzama, Basaburua, Leitza, Areso, Goizueta y todo el valle de Sakana para alumnado de 4-6 de FP 2012 - 2025 <\/span> <span data-stagger=\"0.09\" data-duration=\"1.5\"data-delay=\"0\"data-scrub=\"false\" data-pin=\"false\" class='awards-col has-anim-text linesUp '>2012 - 2026<\/span> <\/a> <\/li><li> <a target=_blank  href=''> <span data-stagger=\"0.09\" data-duration=\"1.5\"data-delay=\"0\"data-scrub=\"false\" data-pin=\"false\" class='awards-col has-anim-text linesUp '>TEATRO\/EDUCACI\u00d3N<\/span><span data-stagger=\"0.09\" data-duration=\"1.5\"data-delay=\"0\"data-scrub=\"false\" data-pin=\"false\" class='awards-col has-anim-text linesUp '>Crea el proyecto <B>Barrunbe<\/B> y puso en marcha el proyecto <b>\u00abBye Bye Gizontxo\/Not all men\u00bb<\/b> dirigido a j\u00f3venes de institutos de 32 municipios de Navarra y Gipuzkoa con el objetivo de concienciar sobre la masculinidad y las actitudes masculinas. El proyecto se enmarca en el programa \u00abCultura Eskola\u00bb de la Diputaci\u00f3n Foral de Gipuzkoa. 2023<\/span> <span data-stagger=\"0.09\" data-duration=\"1.5\"data-delay=\"0\"data-scrub=\"false\" data-pin=\"false\" class='awards-col has-anim-text linesUp '>2023 - 2026<\/span> <\/a> <\/li><li> <a target=_blank  href=''> <span data-stagger=\"0.09\" data-duration=\"1.5\"data-delay=\"0\"data-scrub=\"false\" data-pin=\"false\" class='awards-col has-anim-text linesUp '>TEATRO\/EDUCACION<\/span><span data-stagger=\"0.09\" data-duration=\"1.5\"data-delay=\"0\"data-scrub=\"false\" data-pin=\"false\" class='awards-col has-anim-text linesUp '>Con Adriana Salvo crearon la asociaci\u00f3n Binomio y pusieron en marcha el proyecto <b>\"El Porno, una vuelta al deseo\"<\/b>, llegando a j\u00f3venes de institutos de unos 80 municipios de Navarra y Gipuzkoa con el objetivo de concienciar sobre las violencias sexuales. El proyecto se enmarca dentro del programa \"Salto a escena\". <\/span> <span data-stagger=\"0.09\" data-duration=\"1.5\"data-delay=\"0\"data-scrub=\"false\" data-pin=\"false\" class='awards-col has-anim-text linesUp '>2023<\/span> <\/a> <\/li><li> <a target=_blank  href=''> <span data-stagger=\"0.09\" data-duration=\"1.5\"data-delay=\"0\"data-scrub=\"false\" data-pin=\"false\" class='awards-col has-anim-text linesUp '>TEATRO\/EDUCACI\u00d3N <\/span><span data-stagger=\"0.09\" data-duration=\"1.5\"data-delay=\"0\"data-scrub=\"false\" data-pin=\"false\" class='awards-col has-anim-text linesUp '><b>\"Emprende y crea tu propia historia. Prevenir la violencia de g\u00e9nero en la juventud \"<\/b>. Junto a Adriana Salvo, cre\u00f3 para Galkide la obra \"Leire eta Jon\", y particip\u00f3 como actor en la misma obra, en su rol de int\u00e9rprete del m\u00e9todo PIBE, en el programa que actualmente est\u00e1 dentro de \"Salto a escena\".<\/span> <span data-stagger=\"0.09\" data-duration=\"1.5\"data-delay=\"0\"data-scrub=\"false\" data-pin=\"false\" class='awards-col has-anim-text linesUp '>2018-2019<\/span> <\/a> <\/li><li> <a target=_blank  href=''> <span data-stagger=\"0.09\" data-duration=\"1.5\"data-delay=\"0\"data-scrub=\"false\" data-pin=\"false\" class='awards-col has-anim-text linesUp '>TEATRO\/EDUCACI\u00d3N <\/span><span data-stagger=\"0.09\" data-duration=\"1.5\"data-delay=\"0\"data-scrub=\"false\" data-pin=\"false\" class='awards-col has-anim-text linesUp '>Burlada. Proyecto Ciudad Educadora para la Igualdad.: Creaci\u00f3n de la obra <b>\"So\u00f1\u00e9 que so\u00f1aba\" <\/b> con Adriana Salvo a partir del Relato Ciudadano <\/span> <span data-stagger=\"0.09\" data-duration=\"1.5\"data-delay=\"0\"data-scrub=\"false\" data-pin=\"false\" class='awards-col has-anim-text linesUp '>2018<\/span> <\/a> <\/li><li> <a target=_blank  href='https:\/\/www.barazarte.es\/actores\/inigo-aranbarri'> <span data-stagger=\"0.09\" data-duration=\"1.5\"data-delay=\"0\"data-scrub=\"false\" data-pin=\"false\" class='awards-col has-anim-text linesUp '>AUDIOVISUALES<\/span><span data-stagger=\"0.09\" data-duration=\"1.5\"data-delay=\"0\"data-scrub=\"false\" data-pin=\"false\" class='awards-col has-anim-text linesUp '><u style= \" cursor: default;\n\"><U>QUIERO M\u00c1S INFORMACI\u00d3N <\/U><\/span> <span data-stagger=\"0.09\" data-duration=\"1.5\"data-delay=\"0\"data-scrub=\"false\" data-pin=\"false\" class='awards-col has-anim-text linesUp '><\/span> <\/a> <\/li>\n                <\/ul>\n\n            <\/div>\n\n        <\/div>\n\n        \t\t\t\t<\/div>\n\t\t\t\t<\/div>\n\t\t\t\t\t<\/div>\n\t\t<\/div>\n\t\t\t\t\t<\/div>\n\t\t<\/section>\n\t\t\t\t\t<\/div>\n\t\t<\/div>\n\t\t\t\t\t<\/div>\n\t\t<\/section>\n\t\t\t\t<section class=\"elementor-section elementor-top-section elementor-element elementor-element-eb934a6 wrapper-wide section-normal elementor-section-boxed elementor-section-height-default elementor-section-height-default default\" data-id=\"eb934a6\" data-element_type=\"section\">\n\t\t\t\t\t\t<div class=\"elementor-container elementor-column-gap-default\">\n\t\t\t\t\t<div class=\"elementor-column elementor-col-100 elementor-top-column elementor-element elementor-element-7a12ffa\" data-id=\"7a12ffa\" data-element_type=\"column\">\n\t\t\t<div class=\"elementor-widget-wrap elementor-element-populated\">\n\t\t\t\t\t\t<section class=\"elementor-section elementor-inner-section elementor-element elementor-element-47d0dfa wrapper-wide section-normal elementor-section-boxed elementor-section-height-default elementor-section-height-default default\" data-id=\"47d0dfa\" data-element_type=\"section\">\n\t\t\t\t\t\t<div class=\"elementor-container elementor-column-gap-default\">\n\t\t\t\t\t<div class=\"elementor-column elementor-col-100 elementor-inner-column elementor-element elementor-element-591178c\" data-id=\"591178c\" data-element_type=\"column\">\n\t\t\t<div class=\"elementor-widget-wrap elementor-element-populated\">\n\t\t\t\t\t\t<section class=\"elementor-section elementor-inner-section elementor-element elementor-element-55678e9 wrapper-wide section-normal elementor-section-boxed elementor-section-height-default elementor-section-height-default default\" data-id=\"55678e9\" data-element_type=\"section\">\n\t\t\t\t\t\t<div class=\"elementor-container elementor-column-gap-default\">\n\t\t\t\t\t<div class=\"elementor-column elementor-col-50 elementor-inner-column elementor-element elementor-element-c7369c3\" data-id=\"c7369c3\" data-element_type=\"column\">\n\t\t\t<div class=\"elementor-widget-wrap elementor-element-populated\">\n\t\t\t\t\t\t<div class=\"elementor-element elementor-element-d9b5192 elementor-widget__width-initial elementor-widget elementor-widget-naylasingleimage\" data-id=\"d9b5192\" data-element_type=\"widget\" data-widget_type=\"naylasingleimage.default\">\n\t\t\t\t<div class=\"elementor-widget-container\">\n\t\t\t\t\t\n\n<div class=\"single-image align-left    cursor-default  \" data-duration=0.5 data-delay=\"0\" data-scrub=\"false\" data-pin=\"false\" data-block-color=\"\" data-anim-out=\"\" data-image-scale=\"false\" >\n\n\n    <img decoding=\"async\" src=\"https:\/\/barrunbe.eus\/wp-content\/uploads\/2025\/10\/inigo_aktorea_betaurreko_GABE.jpg\">\n    \n    \n\n<\/div>\n            \n            \n\n\n\t\t\t\t<\/div>\n\t\t\t\t<\/div>\n\t\t\t\t\t<\/div>\n\t\t<\/div>\n\t\t\t\t<div class=\"elementor-column elementor-col-50 elementor-inner-column elementor-element elementor-element-8a62eed\" data-id=\"8a62eed\" data-element_type=\"column\">\n\t\t\t<div class=\"elementor-widget-wrap\">\n\t\t\t\t\t\t\t<\/div>\n\t\t<\/div>\n\t\t\t\t\t<\/div>\n\t\t<\/section>\n\t\t\t\t\t<\/div>\n\t\t<\/div>\n\t\t\t\t\t<\/div>\n\t\t<\/section>\n\t\t\t\t\t<\/div>\n\t\t<\/div>\n\t\t\t\t\t<\/div>\n\t\t<\/section>\n\t\t\t\t<\/div>\n\t\t","protected":false},"excerpt":{"rendered":"<p>Me llamo I\u00f1igo Aranbarri Aunque he aprendido ser este modelo de hombre, ahora estoy intentando elegir c\u00f3mo ser cada d\u00eda \u00bfCOLABORAMOS? Desde hace 12 a\u00f1os estoy colaborando con el departamento [&hellip;]<\/p>\n","protected":false},"author":1,"featured_media":0,"parent":0,"menu_order":0,"comment_status":"closed","ping_status":"closed","template":"","meta":{"_acf_changed":false,"footnotes":""},"class_list":["post-11495","page","type-page","status-publish","hentry"],"acf":[],"yoast_head":"<!-- This site is optimized with the Yoast SEO plugin v26.1.1 - https:\/\/yoast.com\/wordpress\/plugins\/seo\/ -->\n<title>Barrunbe. Bye bye Gizontxo<\/title>\n<meta name=\"description\" content=\"Antzerki eta jolasaren bidez, maskulinitatearen inguruan ikasitako patroiak nola desegin, bakoitzak bere jarrera nola aldatu pentsaraziko dizun saioa.\" \/>\n<meta name=\"robots\" content=\"index, follow, max-snippet:-1, max-image-preview:large, max-video-preview:-1\" \/>\n<link rel=\"canonical\" href=\"https:\/\/barrunbe.eus\/es\/quien-soy\/\" \/>\n<meta property=\"og:locale\" content=\"es_ES\" \/>\n<meta property=\"og:type\" content=\"article\" \/>\n<meta property=\"og:title\" content=\"Barrunbe. Bye bye Gizontxo\" \/>\n<meta property=\"og:description\" content=\"Antzerki eta jolasaren bidez, maskulinitatearen inguruan ikasitako patroiak nola desegin, bakoitzak bere jarrera nola aldatu pentsaraziko dizun saioa.\" \/>\n<meta property=\"og:url\" content=\"https:\/\/barrunbe.eus\/es\/quien-soy\/\" \/>\n<meta property=\"og:site_name\" content=\"BARRUNBE\" \/>\n<meta property=\"article:modified_time\" content=\"2025-11-14T08:59:40+00:00\" \/>\n<meta property=\"og:image\" content=\"https:\/\/barrunbe.eus\/wp-content\/uploads\/2025\/10\/inigo_aktorea.jpg\" \/>\n<meta name=\"twitter:card\" content=\"summary_large_image\" \/>\n<meta name=\"twitter:label1\" content=\"Tiempo de lectura\" \/>\n\t<meta name=\"twitter:data1\" content=\"2 minutos\" \/>\n<script type=\"application\/ld+json\" class=\"yoast-schema-graph\">{\"@context\":\"https:\/\/schema.org\",\"@graph\":[{\"@type\":\"WebPage\",\"@id\":\"https:\/\/barrunbe.eus\/es\/quien-soy\/\",\"url\":\"https:\/\/barrunbe.eus\/es\/quien-soy\/\",\"name\":\"Barrunbe. Bye bye Gizontxo\",\"isPartOf\":{\"@id\":\"https:\/\/barrunbe.eus\/es\/#website\"},\"primaryImageOfPage\":{\"@id\":\"https:\/\/barrunbe.eus\/es\/quien-soy\/#primaryimage\"},\"image\":{\"@id\":\"https:\/\/barrunbe.eus\/es\/quien-soy\/#primaryimage\"},\"thumbnailUrl\":\"https:\/\/barrunbe.eus\/wp-content\/uploads\/2025\/10\/inigo_aktorea.jpg\",\"datePublished\":\"2025-10-06T09:23:07+00:00\",\"dateModified\":\"2025-11-14T08:59:40+00:00\",\"description\":\"Antzerki eta jolasaren bidez, maskulinitatearen inguruan ikasitako patroiak nola desegin, bakoitzak bere jarrera nola aldatu pentsaraziko dizun saioa.\",\"breadcrumb\":{\"@id\":\"https:\/\/barrunbe.eus\/es\/quien-soy\/#breadcrumb\"},\"inLanguage\":\"es\",\"potentialAction\":[{\"@type\":\"ReadAction\",\"target\":[\"https:\/\/barrunbe.eus\/es\/quien-soy\/\"]}]},{\"@type\":\"ImageObject\",\"inLanguage\":\"es\",\"@id\":\"https:\/\/barrunbe.eus\/es\/quien-soy\/#primaryimage\",\"url\":\"https:\/\/barrunbe.eus\/wp-content\/uploads\/2025\/10\/inigo_aktorea.jpg\",\"contentUrl\":\"https:\/\/barrunbe.eus\/wp-content\/uploads\/2025\/10\/inigo_aktorea.jpg\"},{\"@type\":\"BreadcrumbList\",\"@id\":\"https:\/\/barrunbe.eus\/es\/quien-soy\/#breadcrumb\",\"itemListElement\":[{\"@type\":\"ListItem\",\"position\":1,\"name\":\"Portada\",\"item\":\"https:\/\/barrunbe.eus\/es\/\"},{\"@type\":\"ListItem\",\"position\":2,\"name\":\"\u00bfQui\u00e9n soy?\"}]},{\"@type\":\"WebSite\",\"@id\":\"https:\/\/barrunbe.eus\/es\/#website\",\"url\":\"https:\/\/barrunbe.eus\/es\/\",\"name\":\"BARRUNBE\",\"description\":\"Bye bye gizontxo\",\"alternateName\":\"Bye bye Gizontxo\",\"potentialAction\":[{\"@type\":\"SearchAction\",\"target\":{\"@type\":\"EntryPoint\",\"urlTemplate\":\"https:\/\/barrunbe.eus\/es\/?s={search_term_string}\"},\"query-input\":{\"@type\":\"PropertyValueSpecification\",\"valueRequired\":true,\"valueName\":\"search_term_string\"}}],\"inLanguage\":\"es\"}]}<\/script>\n<!-- \/ Yoast SEO plugin. -->","yoast_head_json":{"title":"Barrunbe. Bye bye Gizontxo","description":"Antzerki eta jolasaren bidez, maskulinitatearen inguruan ikasitako patroiak nola desegin, bakoitzak bere jarrera nola aldatu pentsaraziko dizun saioa.","robots":{"index":"index","follow":"follow","max-snippet":"max-snippet:-1","max-image-preview":"max-image-preview:large","max-video-preview":"max-video-preview:-1"},"canonical":"https:\/\/barrunbe.eus\/es\/quien-soy\/","og_locale":"es_ES","og_type":"article","og_title":"Barrunbe. Bye bye Gizontxo","og_description":"Antzerki eta jolasaren bidez, maskulinitatearen inguruan ikasitako patroiak nola desegin, bakoitzak bere jarrera nola aldatu pentsaraziko dizun saioa.","og_url":"https:\/\/barrunbe.eus\/es\/quien-soy\/","og_site_name":"BARRUNBE","article_modified_time":"2025-11-14T08:59:40+00:00","og_image":[{"url":"https:\/\/barrunbe.eus\/wp-content\/uploads\/2025\/10\/inigo_aktorea.jpg","type":"","width":"","height":""}],"twitter_card":"summary_large_image","twitter_misc":{"Tiempo de lectura":"2 minutos"},"schema":{"@context":"https:\/\/schema.org","@graph":[{"@type":"WebPage","@id":"https:\/\/barrunbe.eus\/es\/quien-soy\/","url":"https:\/\/barrunbe.eus\/es\/quien-soy\/","name":"Barrunbe. Bye bye Gizontxo","isPartOf":{"@id":"https:\/\/barrunbe.eus\/es\/#website"},"primaryImageOfPage":{"@id":"https:\/\/barrunbe.eus\/es\/quien-soy\/#primaryimage"},"image":{"@id":"https:\/\/barrunbe.eus\/es\/quien-soy\/#primaryimage"},"thumbnailUrl":"https:\/\/barrunbe.eus\/wp-content\/uploads\/2025\/10\/inigo_aktorea.jpg","datePublished":"2025-10-06T09:23:07+00:00","dateModified":"2025-11-14T08:59:40+00:00","description":"Antzerki eta jolasaren bidez, maskulinitatearen inguruan ikasitako patroiak nola desegin, bakoitzak bere jarrera nola aldatu pentsaraziko dizun saioa.","breadcrumb":{"@id":"https:\/\/barrunbe.eus\/es\/quien-soy\/#breadcrumb"},"inLanguage":"es","potentialAction":[{"@type":"ReadAction","target":["https:\/\/barrunbe.eus\/es\/quien-soy\/"]}]},{"@type":"ImageObject","inLanguage":"es","@id":"https:\/\/barrunbe.eus\/es\/quien-soy\/#primaryimage","url":"https:\/\/barrunbe.eus\/wp-content\/uploads\/2025\/10\/inigo_aktorea.jpg","contentUrl":"https:\/\/barrunbe.eus\/wp-content\/uploads\/2025\/10\/inigo_aktorea.jpg"},{"@type":"BreadcrumbList","@id":"https:\/\/barrunbe.eus\/es\/quien-soy\/#breadcrumb","itemListElement":[{"@type":"ListItem","position":1,"name":"Portada","item":"https:\/\/barrunbe.eus\/es\/"},{"@type":"ListItem","position":2,"name":"\u00bfQui\u00e9n soy?"}]},{"@type":"WebSite","@id":"https:\/\/barrunbe.eus\/es\/#website","url":"https:\/\/barrunbe.eus\/es\/","name":"BARRUNBE","description":"Bye bye gizontxo","alternateName":"Bye bye Gizontxo","potentialAction":[{"@type":"SearchAction","target":{"@type":"EntryPoint","urlTemplate":"https:\/\/barrunbe.eus\/es\/?s={search_term_string}"},"query-input":{"@type":"PropertyValueSpecification","valueRequired":true,"valueName":"search_term_string"}}],"inLanguage":"es"}]}},"_links":{"self":[{"href":"https:\/\/barrunbe.eus\/es\/wp-json\/wp\/v2\/pages\/11495","targetHints":{"allow":["GET"]}}],"collection":[{"href":"https:\/\/barrunbe.eus\/es\/wp-json\/wp\/v2\/pages"}],"about":[{"href":"https:\/\/barrunbe.eus\/es\/wp-json\/wp\/v2\/types\/page"}],"author":[{"embeddable":true,"href":"https:\/\/barrunbe.eus\/es\/wp-json\/wp\/v2\/users\/1"}],"replies":[{"embeddable":true,"href":"https:\/\/barrunbe.eus\/es\/wp-json\/wp\/v2\/comments?post=11495"}],"version-history":[{"count":73,"href":"https:\/\/barrunbe.eus\/es\/wp-json\/wp\/v2\/pages\/11495\/revisions"}],"predecessor-version":[{"id":12087,"href":"https:\/\/barrunbe.eus\/es\/wp-json\/wp\/v2\/pages\/11495\/revisions\/12087"}],"wp:attachment":[{"href":"https:\/\/barrunbe.eus\/es\/wp-json\/wp\/v2\/media?parent=11495"}],"curies":[{"name":"wp","href":"https:\/\/api.w.org\/{rel}","templated":true}]}}